{"id":2169,"date":"2025-05-08T17:24:58","date_gmt":"2025-05-08T16:24:58","guid":{"rendered":"https:\/\/www.skintech.it\/?post_type=product&#038;p=2169"},"modified":"2026-03-23T09:07:26","modified_gmt":"2026-03-23T08:07:26","slug":"guanti-in-cordura-blu","status":"publish","type":"product","link":"https:\/\/www.skintech.it\/en\/product\/guanti-in-cordura-blu\/","title":{"rendered":"Blue Cordura Gloves"},"content":{"rendered":"<h3><strong>Novit\u00e0<\/strong><\/h3>\n<p>La nuova versione dei guanti in Cordura Blu Skintech presenta alcune importanti implementazioni pensate per migliorare comfort e funzionalit\u00e0 durante l\u2019utilizzo.<\/p>\n<p>Il guanto \u00e8 stato reso pi\u00f9 aderente alla mano per garantire una vestibilit\u00e0 pi\u00f9 precisa e una maggiore facilit\u00e0 nei movimenti.<br \/>\nSono state inserite porzioni di pelle scamosciata sull&#8217; indice sul pollice e su una parte del palmo della mano<\/p>\n<p>Questi inserti migliorano la presa e permettono di gestire con pi\u00f9 sicurezza oggetti di uso quotidiano durante il lavoro con il cane, come guinzagli, moschettoni, collari, ciotole o altri accessori.<\/p>\n<p>Il risultato \u00e8 un guanto ancora pi\u00f9 funzionale, che unisce resistenza, protezione e maggiore controllo nelle attivit\u00e0 outdoor e nelle sessioni di lavoro con il cane.<\/p>\n<h3>Blue Cordura Gloves<\/h3>\n<div>\n<div id=\":xo\" class=\"ii gt\">\n<div id=\":xn\" class=\"a3s aiL\">\n<div dir=\"ltr\">\n<div>\n<p><strong><span style=\"font-size: small;\">This type of glove used without the internal liner is not bite-proof but protects against punctures, is tear-proof, abrasion-proof and also waterproof.<\/span><\/strong><\/p>\n<p><span style=\"color: #666666;\"><span style=\"font-family: Open Sans, Arial, sans-serif;\"><span style=\"font-size: small;\"><b>Our Cordura gloves protect against scratches and abrasions even when you go into the woods among brambles, shrubs or stinging plants and have to retrieve your dogs' toys from the undergrowth.<\/b><\/span><\/span><\/span><\/p>\n<p><span style=\"color: #666666;\"><span style=\"font-family: Open Sans, Arial, sans-serif;\"><span style=\"font-size: small;\"><b>Ottimi da indossare per le attivit\u00e0 all&#8217;aperto con i cani.<\/b><\/span><\/span><\/span><\/p>\n<p><span style=\"color: #666666;\"><span style=\"font-family: Open Sans, Arial, sans-serif;\"><span style=\"font-size: small;\"><b>They are machine washable at 30\u00b0.<\/b><\/span><\/span><\/span><\/p>\n<\/div>\n<\/div>\n<\/div>\n<\/div>\n<\/div>","protected":false},"excerpt":{"rendered":"<p>Puncture-resistant, tear-resistant, abrasion-resistant, and waterproof Cordura gloves, suitable for anyone who interacts with our canine friends and engages in both play and work with them.<\/p>\n<p><strong><span style=\"color: #00b67a;\">FREE SHIPPING OVER \u20ac100<\/span><\/strong><\/p>\n<p><a href=\"https:\/\/www.skintech.it\/wp-content\/uploads\/2026\/02\/guida_alle_taglie.png\" target=\"_blank\" rel=\"noopener\"><strong><span style=\"color: #ff6600;\">SIZE GUIDE<\/span><\/strong><\/a><\/p>","protected":false},"featured_media":1804,"comment_status":"open","ping_status":"closed","template":"","meta":{"_et_pb_use_builder":"off","_et_pb_old_content":"<div>\r\n\r\n<strong>Lorem Ipsum<\/strong>\u00a0is simply dummy text of the printing and typesetting industry. Lorem Ipsum has been the industry's standard dummy text ever since the 1500s, when an unknown printer took a galley of type and scrambled it to make a type specimen book. It has survived not only five centuries, but also the leap into electronic typesetting, remaining essentially unchanged.\r\n\r\n<\/div>","_et_gb_content_width":""},"product_brand":[],"product_cat":[56],"product_tag":[],"class_list":{"0":"post-2169","1":"product","2":"type-product","3":"status-publish","4":"has-post-thumbnail","6":"product_cat-guanti-e-manicotti","7":"product_shipping_class-piccola","8":"pa_taglia-l-xl","9":"pa_taglia-s-m","11":"first","12":"instock","13":"featured","14":"shipping-taxable","15":"purchasable","16":"product-type-variable"},"aioseo_notices":[],"_links":{"self":[{"href":"https:\/\/www.skintech.it\/en\/wp-json\/wp\/v2\/product\/2169","targetHints":{"allow":["GET"]}}],"collection":[{"href":"https:\/\/www.skintech.it\/en\/wp-json\/wp\/v2\/product"}],"about":[{"href":"https:\/\/www.skintech.it\/en\/wp-json\/wp\/v2\/types\/product"}],"replies":[{"embeddable":true,"href":"https:\/\/www.skintech.it\/en\/wp-json\/wp\/v2\/comments?post=2169"}],"wp:featuredmedia":[{"embeddable":true,"href":"https:\/\/www.skintech.it\/en\/wp-json\/wp\/v2\/media\/1804"}],"wp:attachment":[{"href":"https:\/\/www.skintech.it\/en\/wp-json\/wp\/v2\/media?parent=2169"}],"wp:term":[{"taxonomy":"product_brand","embeddable":true,"href":"https:\/\/www.skintech.it\/en\/wp-json\/wp\/v2\/product_brand?post=2169"},{"taxonomy":"product_cat","embeddable":true,"href":"https:\/\/www.skintech.it\/en\/wp-json\/wp\/v2\/product_cat?post=2169"},{"taxonomy":"product_tag","embeddable":true,"href":"https:\/\/www.skintech.it\/en\/wp-json\/wp\/v2\/product_tag?post=2169"}],"curies":[{"name":"wp","href":"https:\/\/api.w.org\/{rel}","templated":true}]}}